{"id":1116,"date":"2023-02-26T19:56:48","date_gmt":"2023-02-26T19:56:48","guid":{"rendered":"https:\/\/neu.medical-team-mutschellen.ch\/?page_id=1116"},"modified":"2024-12-06T13:16:29","modified_gmt":"2024-12-06T13:16:29","slug":"kurse-2","status":"publish","type":"page","link":"https:\/\/www.medical-team-mutschellen.ch\/?page_id=1116","title":{"rendered":"Kurse"},"content":{"rendered":"\n<p>Wir bieten folgende Kurse an:<\/p>\n\n\n\n<div class=\"wp-block-query is-layout-flow wp-block-query-is-layout-flow\"><ul class=\"wp-block-post-template is-layout-flow wp-block-post-template-is-layout-flow\"><li class=\"wp-block-post post-1499 post type-post status-publish format-standard hentry category-kurse\">\n\n<div class=\"wp-block-group\" style=\"padding-top:30px;padding-right:30px;padding-bottom:30px;padding-left:30px\"><div class=\"wp-block-group__inner-container is-layout-flow wp-block-group-is-layout-flow\"><h2 class=\"wp-block-post-title\"><a href=\"https:\/\/www.medical-team-mutschellen.ch\/?p=1499\" target=\"_self\" >First Aid Stufe 2 IVR Grundkurse 26: 18.-20.05. (ausnahmsweise in Regensdorf), 24.-26.08. oder 26.-28.10. in Berikon    \/\/    First Aid Stufe 2 IVR RE-Kurse 26:  20.05. (Regensdorf), 26.08. oder 28.10. in Berikon<\/a><\/h2>\n\n<div class=\"wp-block-post-excerpt\"><p class=\"wp-block-post-excerpt__excerpt\">in Berikon, hat noch Pl\u00e4tze \/Anmeldung via\u00a0Kontaktformular\u00a0oder redcross-edu.ch <\/p><\/div><\/div><\/div>\n\n<\/li><li class=\"wp-block-post post-1381 post type-post status-publish format-standard hentry category-kurse\">\n\n<div class=\"wp-block-group\" style=\"padding-top:30px;padding-right:30px;padding-bottom:30px;padding-left:30px\"><div class=\"wp-block-group__inner-container is-layout-flow wp-block-group-is-layout-flow\"><h2 class=\"wp-block-post-title\"><a href=\"https:\/\/www.medical-team-mutschellen.ch\/?p=1381\" target=\"_self\" >Notf\u00e4lle bei Kleinkindern,  Kurs : 15.+17.06.26 \/ 21.+23.09.26\/ 09.+11.11.26. Wenn sich 3 Pers. melden, werden Kurse auch ausserterminlich angeboten. Kann auch Tageskurs gebucht werden<\/a><\/h2>\n\n<div class=\"wp-block-post-excerpt\"><p class=\"wp-block-post-excerpt__excerpt\">Hat noch Pl\u00e4tze frei Abendkurs (2 Abende) je von 19.00h-22.00h \/\/\/ Anmeldung via Kontaktformular \/\/ Falls eine Gruppe von 4 Personen sich anmelden wollen, kann man auch nach Wunschdaten einen Kurs haben <\/p><\/div><\/div><\/div>\n\n<\/li><li class=\"wp-block-post post-1296 post type-post status-publish format-standard hentry category-kurse\">\n\n<div class=\"wp-block-group\" style=\"padding-top:30px;padding-right:30px;padding-bottom:30px;padding-left:30px\"><div class=\"wp-block-group__inner-container is-layout-flow wp-block-group-is-layout-flow\"><h2 class=\"wp-block-post-title\"><a href=\"https:\/\/www.medical-team-mutschellen.ch\/?p=1296\" target=\"_self\" >BLS-AED-Komplett-Kurse 26: 20.04. \/ 29.06. \/ 17.08. \/ 19.10. \/ 30.11. Neue Guideline 25 sind da!. Alle die First-Responder haben einen reduzierten Preis.<\/a><\/h2>\n\n<div class=\"wp-block-post-excerpt\"><p class=\"wp-block-post-excerpt__excerpt\">Hat noch Pl\u00e4tze frei Zeit: 18.30h-22.00h Anmeldung via\u00a0Kontaktformular\u00a0oder redcross-edu.ch <\/p><\/div><\/div><\/div>\n\n<\/li><li class=\"wp-block-post post-1396 post type-post status-publish format-standard hentry category-kurse\">\n\n<div class=\"wp-block-group\" style=\"padding-top:30px;padding-right:30px;padding-bottom:30px;padding-left:30px\"><div class=\"wp-block-group__inner-container is-layout-flow wp-block-group-is-layout-flow\"><h2 class=\"wp-block-post-title\"><a href=\"https:\/\/www.medical-team-mutschellen.ch\/?p=1396\" target=\"_self\" >First Aid Stufe 3 IVR,  Grundkurs Teil 1: 01.-02.04. und Teil 2: 27.-29.04.26)           \/\/             First Aid Stufe 3 IVR RE 07.-08.09.26 oder 07.-08.11.26. Oder per Mail melden, wenn es 4 Pers. hat, suchen wir einen Termin.<\/a><\/h2>\n\n<div class=\"wp-block-post-excerpt\"><p class=\"wp-block-post-excerpt__excerpt\">Hat noch Pl\u00e4tze frei\/ Anmeldung via Kontaktformular oder redcross-edu.ch <\/p><\/div><\/div><\/div>\n\n<\/li><li class=\"wp-block-post post-1366 post type-post status-publish format-standard hentry category-kurse\">\n\n<div class=\"wp-block-group\" style=\"padding-top:30px;padding-right:30px;padding-bottom:30px;padding-left:30px\"><div class=\"wp-block-group__inner-container is-layout-flow wp-block-group-is-layout-flow\"><h2 class=\"wp-block-post-title\"><a href=\"https:\/\/www.medical-team-mutschellen.ch\/?p=1366\" target=\"_self\" >First Aid Stufe 1 IVR Grundkurse 26:  23.-24.03.\/ 01.-02.06.\/ 17.-18.08.\/ 21.-22.09.\/ 20.-21.10.\/ 30.11.-01.12.26     \/\/   First Aid Stufe 1 IVR RE 26: 24.03.\/ 21.04.\/ 02.06.\/ 18.08.\/ 22.09.\/ 21.10.\/ 01.12.26<\/a><\/h2>\n\n<div class=\"wp-block-post-excerpt\"><p class=\"wp-block-post-excerpt__excerpt\">Hat noch Pl\u00e4tze frei Anmeldung via Kontaktformular oder redcross-edu.ch <\/p><\/div><\/div><\/div>\n\n<\/li><li class=\"wp-block-post post-1444 post type-post status-publish format-standard hentry category-kurse\">\n\n<div class=\"wp-block-group\" style=\"padding-top:30px;padding-right:30px;padding-bottom:30px;padding-left:30px\"><div class=\"wp-block-group__inner-container is-layout-flow wp-block-group-is-layout-flow\"><h2 class=\"wp-block-post-title\"><a href=\"https:\/\/www.medical-team-mutschellen.ch\/?p=1444\" target=\"_self\" >Nothelferkurs f\u00fcr F\u00fchrerausweiserwerbende mit E-Learning 26 (Pr\u00e4senz: 1 Tag): 25.05.\/ 05.09.\/ 21.11.26. (22.-25.06. in einer Schule m\u00f6glich, sich anzuschliessen)<\/a><\/h2>\n\n<div class=\"wp-block-post-excerpt\"><p class=\"wp-block-post-excerpt__excerpt\">Anmeldung via Kontaktformular oder redcross-edu.ch <\/p><\/div><\/div><\/div>\n\n<\/li><\/ul>\n\n\n<hr class=\"wp-block-separator has-alpha-channel-opacity\"\/>\n<\/div>\n\n\n\n<h2 class=\"wp-block-heading\">Kurse AGB&#8217;s<\/h2>\n\n\n\n<p><strong>Medical Team Mutschellen AGB\u2019s&nbsp;&nbsp;&nbsp;&nbsp;&nbsp;&nbsp;&nbsp;&nbsp;&nbsp;&nbsp;&nbsp;&nbsp;&nbsp;&nbsp;&nbsp;&nbsp;&nbsp;&nbsp;&nbsp;&nbsp;&nbsp;&nbsp;&nbsp;&nbsp;&nbsp;&nbsp;&nbsp;&nbsp;&nbsp;&nbsp;&nbsp;&nbsp;&nbsp;&nbsp;&nbsp;&nbsp;&nbsp;&nbsp;&nbsp;&nbsp;&nbsp;&nbsp;&nbsp;&nbsp;&nbsp;&nbsp;&nbsp;&nbsp;&nbsp;&nbsp;&nbsp;&nbsp;&nbsp;&nbsp;&nbsp;&nbsp;&nbsp;&nbsp; Berikon 01.01.2020<\/strong><\/p>\n\n\n\n<p><strong>Allgemeine Bedingungen<\/strong><\/p>\n\n\n\n<p><strong>Organisatorisches<\/strong>Die Kursprogramme und die im Preis enthaltenen Leistungen sind in den Ausschreibungen ersichtlich. Geringf\u00fcgige Abweichungen vom Programm sind m\u00f6glich. Kurse werden nur durchgef\u00fchrt, wenn eine festgelegte minimale Teilnehmerzahl erreicht wird. Wir behalten uns ausdr\u00fccklich vor, Kurse zu annullieren, zusammenzulegen bzw. mehrfach zu f\u00fchren. Im Falle einer Kursannullierung durch unser Medical Team Mutschellen erfolgt eine R\u00fcckerstattung der Kursgeb\u00fchr.<\/p>\n\n\n\n<p><strong>Finanzielles<\/strong><\/p>\n\n\n\n<p>Die Kurskosten sind grunds\u00e4tzlich vor Kursbeginn zahlbar. F\u00fcr alle Kurse wird fr\u00fchzeitig Rechnung gestellt. Ausnahme: Nothilfekurse sind am ersten Kurstag gegen Quittung bar zu bezahlen. <br>Ausnahmen sind vorg\u00e4ngig zu besprechen.<\/p>\n\n\n\n<p><strong>Versicherung<\/strong><\/p>\n\n\n\n<p>F\u00fcr alle vom Medical Team Mutschellen organisierten Kurse und Veranstaltungen wird jegliche Haftung f\u00fcr entstandene Sch\u00e4den ausgeschlossen. Eine ausreichende Versicherungsdeckung ist Sache der teilnehmenden Personen. F\u00fcr Diebstahl und Verlust von Gegenst\u00e4nden k\u00f6nnen wir nicht haftbar gemacht werden.<\/p>\n\n\n\n<p><strong>Kursbest\u00e4tigung<\/strong><\/p>\n\n\n\n<p>Die Ausstellung von Kursbest\u00e4tigungen, Ausweisen oder Zertifikaten erfolgt gem\u00e4ss Kursbeschrieb, falls mindestens 90% des Unterrichts besucht wurden. Gesetzliche und\/oder reglementarische Bestimmungen bleiben vorbehalten.<\/p>\n\n\n\n<p><strong>Abmeldungen, Nichterscheinen<\/strong><\/p>\n\n\n\n<p>Bei Abmeldung von einem Kurs wird je nach Abmeldezeitpunkt folgender Unkostenbeitrag geschuldet:<\/p>\n\n\n\n<p>\u00b7&nbsp;&nbsp;&nbsp;&nbsp;&nbsp;bis 35 Tage vor Kursbeginn, ohne Kostenfolge<\/p>\n\n\n\n<p>\u00b7&nbsp;&nbsp;&nbsp;&nbsp;&nbsp;ab 34 bis 25 Tage vor Kursbeginn, 25%<\/p>\n\n\n\n<p>\u00b7&nbsp;&nbsp;&nbsp;&nbsp;&nbsp;ab 24 bis 12 Tage vor Kursbeginn, 50%<\/p>\n\n\n\n<p>\u00b7&nbsp;&nbsp;&nbsp;&nbsp;&nbsp;ab 11 bis 1 Tag(e) vor Kursbeginn, 75%<\/p>\n\n\n\n<p>\u00b7&nbsp;&nbsp;&nbsp;&nbsp;&nbsp;ab Kursstartdatum bzw. bei Absenz, 100% der Kurskosten<\/p>\n\n\n\n<p>Bei Abmeldungen infolge Unfall oder Krankheit wird ein pauschaler Unkostenbeitrag von CHF 50.\u2013 pro abgemeldeten Kurstag geschuldet. Zur Geltendmachung ist dem Medical Team Mutschellen innert Wochenfrist ein \u00e4rztliches Attest einzureichen.<\/p>\n\n\n\n<p><strong>Ersatzteilnehmer<\/strong><\/p>\n\n\n\n<p>Es ist in jedem Fall m\u00f6glich, bei eigener Verhinderung einen Ersatzteilnehmer, welcher die Kursvoraussetzungen erf\u00fcllt, den Kurs ohne Zusatzkosten besuchen zu lassen.<\/p>\n\n\n\n<p><strong>Umbuchungen<\/strong><\/p>\n\n\n\n<p>Umbuchungen in einen anderen Kurs sind grunds\u00e4tzlich m\u00f6glich, falls beim Zeitpunkt der Umbuchung in einen anderen Kurs auch bereits Teilnehmer dort angemeldet sind, damit der Kurs auch garantiert werden kann. F\u00fcr L\u00f6sungsm\u00f6glichkeiten sind wir immer offen.<\/p>\n\n\n\n<p><strong>Vers\u00e4umte Lektionen<\/strong><\/p>\n\n\n\n<p>Vers\u00e4umte Lektionen k\u00f6nnen nicht nachgeholt werden. Die R\u00fcckerstattung der Kursgeb\u00fchr aufgrund von vers\u00e4umten Lektionen ist ausgeschlossen.<\/p>\n\n\n\n<p><strong>Urheberrecht<\/strong><\/p>\n\n\n\n<p>Die Vervielf\u00e4ltigung der Kursunterlagen f\u00fcr eigene Zwecke oder f\u00fcr Dritte ist nicht gestattet.<\/p>\n","protected":false},"excerpt":{"rendered":"<p>Wir bieten folgende Kurse an: Kurse AGB&#8217;s Medical Team Mutschellen AGB\u2019s&nbsp;&nbsp;&nbsp;&nbsp;&nbsp;&nbsp;&nbsp;&nbsp;&nbsp;&nbsp;&nbsp;&nbsp;&nbsp;&nbsp;&nbsp;&nbsp;&nbsp;&nbsp;&nbsp;&nbsp;&nbsp;&nbsp;&nbsp;&nbsp;&nbsp;&nbsp;&nbsp;&nbsp;&nbsp;&nbsp;&nbsp;&nbsp;&nbsp;&nbsp;&nbsp;&nbsp;&nbsp;&nbsp;&nbsp;&nbsp;&nbsp;&nbsp;&nbsp;&nbsp;&nbsp;&nbsp;&nbsp;&nbsp;&nbsp;&nbsp;&nbsp;&nbsp;&nbsp;&nbsp;&nbsp;&nbsp;&nbsp;&nbsp; Berikon 01.01.2020 Allgemeine Bedingungen OrganisatorischesDie Kursprogramme und die im Preis enthaltenen Leistungen sind in den Ausschreibungen ersichtlich. Geringf\u00fcgige Abweichungen vom Programm sind m\u00f6glich. Kurse werden nur durchgef\u00fchrt, wenn eine festgelegte minimale Teilnehmerzahl erreicht wird. Wir behalten uns ausdr\u00fccklich vor, Kurse zu annullieren, zusammenzulegen bzw. mehrfach zu f\u00fchren. Im Falle einer Kursannullierung durch unser Medical Team Mutschellen erfolgt eine R\u00fcckerstattung der Kursgeb\u00fchr. Finanzielles Die Kurskosten sind grunds\u00e4tzlich vor Kursbeginn zahlbar. F\u00fcr alle Kurse wird fr\u00fchzeitig Rechnung gestellt. Ausnahme: Nothilfekurse sind am ersten Kurstag gegen Quittung bar zu bezahlen. Ausnahmen sind vorg\u00e4ngig zu besprechen. Versicherung F\u00fcr alle vom Medical Team Mutschellen organisierten Kurse und Veranstaltungen wird jegliche Haftung f\u00fcr entstandene Sch\u00e4den ausgeschlossen. Eine ausreichende Versicherungsdeckung ist Sache der teilnehmenden Personen. F\u00fcr Diebstahl und Verlust von Gegenst\u00e4nden k\u00f6nnen wir nicht haftbar gemacht werden. Kursbest\u00e4tigung Die Ausstellung von Kursbest\u00e4tigungen, Ausweisen oder Zertifikaten erfolgt gem\u00e4ss Kursbeschrieb, falls mindestens 90% des Unterrichts besucht wurden. Gesetzliche und\/oder reglementarische Bestimmungen bleiben vorbehalten. Abmeldungen, Nichterscheinen Bei Abmeldung von einem Kurs wird je nach Abmeldezeitpunkt folgender Unkostenbeitrag geschuldet: \u00b7&nbsp;&nbsp;&nbsp;&nbsp;&nbsp;bis 35 Tage vor Kursbeginn, ohne Kostenfolge \u00b7&nbsp;&nbsp;&nbsp;&nbsp;&nbsp;ab 34 bis 25 Tage vor Kursbeginn, 25% \u00b7&nbsp;&nbsp;&nbsp;&nbsp;&nbsp;ab 24 bis 12 Tage vor Kursbeginn, 50% \u00b7&nbsp;&nbsp;&nbsp;&nbsp;&nbsp;ab 11 bis 1 Tag(e) vor Kursbeginn, 75% \u00b7&nbsp;&nbsp;&nbsp;&nbsp;&nbsp;ab Kursstartdatum bzw. bei Absenz, 100% der Kurskosten Bei Abmeldungen infolge Unfall oder Krankheit wird ein pauschaler Unkostenbeitrag von CHF 50.\u2013 pro abgemeldeten Kurstag geschuldet. Zur Geltendmachung ist dem Medical Team Mutschellen innert Wochenfrist ein \u00e4rztliches Attest einzureichen. Ersatzteilnehmer Es ist in jedem Fall m\u00f6glich, bei eigener Verhinderung einen Ersatzteilnehmer, welcher die Kursvoraussetzungen erf\u00fcllt, den Kurs ohne Zusatzkosten besuchen zu lassen. Umbuchungen Umbuchungen in einen anderen Kurs sind grunds\u00e4tzlich m\u00f6glich, falls beim Zeitpunkt der Umbuchung in einen anderen Kurs auch bereits Teilnehmer dort angemeldet sind, damit der Kurs auch garantiert werden kann. F\u00fcr L\u00f6sungsm\u00f6glichkeiten sind wir immer offen. Vers\u00e4umte Lektionen Vers\u00e4umte Lektionen k\u00f6nnen nicht nachgeholt werden. Die R\u00fcckerstattung der Kursgeb\u00fchr aufgrund von vers\u00e4umten Lektionen ist ausgeschlossen. Urheberrecht Die Vervielf\u00e4ltigung der Kursunterlagen f\u00fcr eigene Zwecke oder f\u00fcr Dritte ist nicht gestattet.<\/p>\n","protected":false},"author":1,"featured_media":0,"parent":0,"menu_order":0,"comment_status":"closed","ping_status":"closed","template":"","meta":{"footnotes":""},"class_list":["post-1116","page","type-page","status-publish","hentry"],"_links":{"self":[{"href":"https:\/\/www.medical-team-mutschellen.ch\/index.php?rest_route=\/wp\/v2\/pages\/1116","targetHints":{"allow":["GET"]}}],"collection":[{"href":"https:\/\/www.medical-team-mutschellen.ch\/index.php?rest_route=\/wp\/v2\/pages"}],"about":[{"href":"https:\/\/www.medical-team-mutschellen.ch\/index.php?rest_route=\/wp\/v2\/types\/page"}],"author":[{"embeddable":true,"href":"https:\/\/www.medical-team-mutschellen.ch\/index.php?rest_route=\/wp\/v2\/users\/1"}],"replies":[{"embeddable":true,"href":"https:\/\/www.medical-team-mutschellen.ch\/index.php?rest_route=%2Fwp%2Fv2%2Fcomments&post=1116"}],"version-history":[{"count":14,"href":"https:\/\/www.medical-team-mutschellen.ch\/index.php?rest_route=\/wp\/v2\/pages\/1116\/revisions"}],"predecessor-version":[{"id":1551,"href":"https:\/\/www.medical-team-mutschellen.ch\/index.php?rest_route=\/wp\/v2\/pages\/1116\/revisions\/1551"}],"wp:attachment":[{"href":"https:\/\/www.medical-team-mutschellen.ch\/index.php?rest_route=%2Fwp%2Fv2%2Fmedia&parent=1116"}],"curies":[{"name":"wp","href":"https:\/\/api.w.org\/{rel}","templated":true}]}}