{"id":1114,"date":"2023-02-26T19:56:48","date_gmt":"2023-02-26T19:56:48","guid":{"rendered":"https:\/\/neu.medical-team-mutschellen.ch\/?page_id=1114"},"modified":"2024-01-23T19:12:11","modified_gmt":"2024-01-23T19:12:11","slug":"unser-verein","status":"publish","type":"page","link":"https:\/\/www.medical-team-mutschellen.ch\/?page_id=1114","title":{"rendered":"Unser Verein"},"content":{"rendered":"\n<p>Als junger Verein&nbsp;der vorwiegend aus professionellem Medizinpersonal zusammensetzt, bieten wir verschiedene Dienstleistungen an. Es erwartet Sie ein aufgestelltes Team aus&nbsp;Rettungssanit\u00e4tern, Transportsanit\u00e4tern, Rettungs-Transportsanit\u00e4tern, dipl. Pflegepersonal, Mitglieder mit absolvierter Milit\u00e4r-Sanit\u00e4ts-RS, Ersthelfer Stufe 3 IVR (Betriebssanit\u00e4ter), etc.<\/p>\n\n\n\n<p>Wir sind stehts dabei uns weiterzubilden, regelm\u00e4ssig besuchen wir intere und&nbsp;externe Schulungen und bleiben so am Puls der Zeit.<\/p>\n\n\n\n<p>Nachfolgend finden Sie unser Organigramm:<\/p>\n\n\n\n<figure class=\"wp-block-image size-full\"><img loading=\"lazy\" decoding=\"async\" width=\"1605\" height=\"946\" src=\"https:\/\/www.medical-team-mutschellen.ch\/wp-content\/uploads\/2024\/01\/organigram.jpg\" alt=\"\" class=\"wp-image-1460\" srcset=\"https:\/\/www.medical-team-mutschellen.ch\/wp-content\/uploads\/2024\/01\/organigram.jpg 1605w, https:\/\/www.medical-team-mutschellen.ch\/wp-content\/uploads\/2024\/01\/organigram-300x177.jpg 300w, https:\/\/www.medical-team-mutschellen.ch\/wp-content\/uploads\/2024\/01\/organigram-1024x604.jpg 1024w, https:\/\/www.medical-team-mutschellen.ch\/wp-content\/uploads\/2024\/01\/organigram-768x453.jpg 768w, https:\/\/www.medical-team-mutschellen.ch\/wp-content\/uploads\/2024\/01\/organigram-1536x905.jpg 1536w, https:\/\/www.medical-team-mutschellen.ch\/wp-content\/uploads\/2024\/01\/organigram-1140x672.jpg 1140w\" sizes=\"auto, (max-width: 1605px) 100vw, 1605px\" \/><\/figure>\n\n\n\n<hr class=\"wp-block-separator has-alpha-channel-opacity\"\/>\n\n\n\n<h2 class=\"wp-block-heading\">Partner<\/h2>\n\n\n\n<p>Unser Verein arbeitet mit verschiedenen Partnern zusammen. Wir m\u00f6chten euch diese gerne Vorstellen:<\/p>\n\n\n\n<div class=\"wp-block-columns is-layout-flex wp-container-core-columns-is-layout-9d6595d7 wp-block-columns-is-layout-flex\">\n<div class=\"wp-block-column is-layout-flow wp-block-column-is-layout-flow\" style=\"flex-basis:33.33%\">\n<figure class=\"wp-block-image size-full\"><img loading=\"lazy\" decoding=\"async\" width=\"417\" height=\"106\" src=\"https:\/\/www.medical-team-mutschellen.ch\/wp-content\/uploads\/2023\/02\/smsvlogo.jpeg\" alt=\"\" class=\"wp-image-1176\" srcset=\"https:\/\/www.medical-team-mutschellen.ch\/wp-content\/uploads\/2023\/02\/smsvlogo.jpeg 417w, https:\/\/www.medical-team-mutschellen.ch\/wp-content\/uploads\/2023\/02\/smsvlogo-300x76.jpeg 300w\" sizes=\"auto, (max-width: 417px) 100vw, 417px\" \/><\/figure>\n<\/div>\n\n\n\n<div class=\"wp-block-column is-layout-flow wp-block-column-is-layout-flow\" style=\"flex-basis:66.66%\">\n<p>Der&nbsp;Schweizerische Milit\u00e4r Sanit\u00e4ts Verband (SMSV) f\u00f6rdert den Einsatz von freiwilligen im Rettungs- und Sanit\u00e4tswesen. Wir sind Mitglied im SMSV und arbeiten&nbsp;eng mit diesem zusammen, zum Beispiel benutzen&nbsp;wir die&nbsp;zertifizierten Ausbildungsunterlagen des SMSV.<\/p>\n<\/div>\n<\/div>\n\n\n\n<div class=\"wp-block-columns is-layout-flex wp-container-core-columns-is-layout-9d6595d7 wp-block-columns-is-layout-flex\">\n<div class=\"wp-block-column is-layout-flow wp-block-column-is-layout-flow\" style=\"flex-basis:33.33%\">\n<figure class=\"wp-block-image size-full\"><img loading=\"lazy\" decoding=\"async\" width=\"150\" height=\"102\" src=\"https:\/\/www.medical-team-mutschellen.ch\/wp-content\/uploads\/2023\/03\/cropped-Logo_deutsch_titel.jpg\" alt=\"\" class=\"wp-image-1285\"\/><\/figure>\n<\/div>\n\n\n\n<div class=\"wp-block-column is-layout-flow wp-block-column-is-layout-flow\" style=\"flex-basis:66.66%\">\n<p>Jedes Jahr helfen wir bei diesem tollen Jugendlager als Ausbildner mit. Schauen Sie es sich an, vielleicht k\u00f6nnen Ihre Kinder auch davon profitieren.<\/p>\n<\/div>\n<\/div>\n\n\n\n<div class=\"wp-block-columns is-layout-flex wp-container-core-columns-is-layout-9d6595d7 wp-block-columns-is-layout-flex\">\n<div class=\"wp-block-column is-layout-flow wp-block-column-is-layout-flow\" style=\"flex-basis:33.33%\">\n<figure class=\"wp-block-image size-full\"><img loading=\"lazy\" decoding=\"async\" width=\"310\" height=\"118\" src=\"https:\/\/www.medical-team-mutschellen.ch\/wp-content\/uploads\/2023\/03\/blutspende-zh.png\" alt=\"\" class=\"wp-image-1287\" srcset=\"https:\/\/www.medical-team-mutschellen.ch\/wp-content\/uploads\/2023\/03\/blutspende-zh.png 310w, https:\/\/www.medical-team-mutschellen.ch\/wp-content\/uploads\/2023\/03\/blutspende-zh-300x114.png 300w\" sizes=\"auto, (max-width: 310px) 100vw, 310px\" \/><\/figure>\n<\/div>\n\n\n\n<div class=\"wp-block-column is-layout-flow wp-block-column-is-layout-flow\" style=\"flex-basis:66.66%\">\n<p>Seit 2013 d\u00fcrfen wir im Berikerhuus mehrmals j\u00e4hrlich das Blutspenden durchf\u00fchren. Dabei arbeiten wir mit dem Blutspendezentrum in Z\u00fcrich zusammen. Informieren Sie sich in unseren News oder unter <a href=\"https:\/\/www.blutspendezurich.ch\/spender\/wo-kann-man-blut-spenden\">Blundspende SRK Z\u00fcrich<\/a> \u00fcber den n\u00e4chsten Termin.<\/p>\n<\/div>\n<\/div>\n","protected":false},"excerpt":{"rendered":"<p>Als junger Verein&nbsp;der vorwiegend aus professionellem Medizinpersonal zusammensetzt, bieten wir verschiedene Dienstleistungen an. Es erwartet Sie ein aufgestelltes Team aus&nbsp;Rettungssanit\u00e4tern, Transportsanit\u00e4tern, Rettungs-Transportsanit\u00e4tern, dipl. Pflegepersonal, Mitglieder mit absolvierter Milit\u00e4r-Sanit\u00e4ts-RS, Ersthelfer Stufe 3 IVR (Betriebssanit\u00e4ter), etc. Wir sind stehts dabei uns weiterzubilden, regelm\u00e4ssig besuchen wir intere und&nbsp;externe Schulungen und bleiben so am Puls der Zeit. Nachfolgend finden Sie unser Organigramm: Partner Unser Verein arbeitet mit verschiedenen Partnern zusammen. Wir m\u00f6chten euch diese gerne Vorstellen: Der&nbsp;Schweizerische Milit\u00e4r Sanit\u00e4ts Verband (SMSV) f\u00f6rdert den Einsatz von freiwilligen im Rettungs- und Sanit\u00e4tswesen. Wir sind Mitglied im SMSV und arbeiten&nbsp;eng mit diesem zusammen, zum Beispiel benutzen&nbsp;wir die&nbsp;zertifizierten Ausbildungsunterlagen des SMSV. Jedes Jahr helfen wir bei diesem tollen Jugendlager als Ausbildner mit. Schauen Sie es sich an, vielleicht k\u00f6nnen Ihre Kinder auch davon profitieren. Seit 2013 d\u00fcrfen wir im Berikerhuus mehrmals j\u00e4hrlich das Blutspenden durchf\u00fchren. Dabei arbeiten wir mit dem Blutspendezentrum in Z\u00fcrich zusammen. Informieren Sie sich in unseren News oder unter Blundspende SRK Z\u00fcrich \u00fcber den n\u00e4chsten Termin.<\/p>\n","protected":false},"author":1,"featured_media":0,"parent":0,"menu_order":0,"comment_status":"closed","ping_status":"closed","template":"","meta":{"footnotes":""},"class_list":["post-1114","page","type-page","status-publish","hentry"],"_links":{"self":[{"href":"https:\/\/www.medical-team-mutschellen.ch\/index.php?rest_route=\/wp\/v2\/pages\/1114","targetHints":{"allow":["GET"]}}],"collection":[{"href":"https:\/\/www.medical-team-mutschellen.ch\/index.php?rest_route=\/wp\/v2\/pages"}],"about":[{"href":"https:\/\/www.medical-team-mutschellen.ch\/index.php?rest_route=\/wp\/v2\/types\/page"}],"author":[{"embeddable":true,"href":"https:\/\/www.medical-team-mutschellen.ch\/index.php?rest_route=\/wp\/v2\/users\/1"}],"replies":[{"embeddable":true,"href":"https:\/\/www.medical-team-mutschellen.ch\/index.php?rest_route=%2Fwp%2Fv2%2Fcomments&post=1114"}],"version-history":[{"count":19,"href":"https:\/\/www.medical-team-mutschellen.ch\/index.php?rest_route=\/wp\/v2\/pages\/1114\/revisions"}],"predecessor-version":[{"id":1463,"href":"https:\/\/www.medical-team-mutschellen.ch\/index.php?rest_route=\/wp\/v2\/pages\/1114\/revisions\/1463"}],"wp:attachment":[{"href":"https:\/\/www.medical-team-mutschellen.ch\/index.php?rest_route=%2Fwp%2Fv2%2Fmedia&parent=1114"}],"curies":[{"name":"wp","href":"https:\/\/api.w.org\/{rel}","templated":true}]}}