{"id":1112,"date":"2023-02-26T19:56:48","date_gmt":"2023-02-26T19:56:48","guid":{"rendered":"https:\/\/neu.medical-team-mutschellen.ch\/?page_id=1112"},"modified":"2023-02-28T21:04:43","modified_gmt":"2023-02-28T21:04:43","slug":"veranstaltungen","status":"publish","type":"page","link":"https:\/\/www.medical-team-mutschellen.ch\/?page_id=1112","title":{"rendered":"Veranstaltungen"},"content":{"rendered":"\n<p>Wir unterst\u00fctzen Veranstalter aus den Bereichen:<\/p>\n\n\n\n<ul class=\"wp-block-list\">\n<li>Reiten, Military, etc.<\/li>\n\n\n\n<li>Sportveranstaltungen, wie Hallenturniere, Fussballcamps, Plauschturniere, American Football etc<\/li>\n\n\n\n<li>Konzerte, Openair<\/li>\n\n\n\n<li>Thaiboxen, Fight-Nights, Wettk\u00e4mpfe der Swiss Wushu Federation<\/li>\n\n\n\n<li>u.v.m<\/li>\n<\/ul>\n\n\n\n<p>Im Vergleich heben wir uns besonders durch eine effiziente Arbeitsweise, umsichtiges Verhalten und grosses Engagement heraus. Bei uns wird Unterst\u00fctzen des Veranstalters gelebt und wir sind immer mitten im Geschehen.<\/p>\n\n\n\n<p>Unsere Leistungen:<\/p>\n\n\n\n<ul class=\"wp-block-list\">\n<li>Medizinisch ausgebildetes Personal<\/li>\n\n\n\n<li>Teams ab 2 Personen<\/li>\n\n\n\n<li>Top Ausr\u00fcstung<\/li>\n\n\n\n<li>Auf Wunsch: Ambulanzfahrzeug vor Ort<\/li>\n<\/ul>\n\n\n\n<p>Gerne sind wir auch f\u00fcr Ihre Veranstaltung, Ihren Verein da. Eine unverbindliche Offerte erhalten Sie am einfachsten \u00fcber unser&nbsp;<a href=\"https:\/\/neu.medical-team-mutschellen.ch\/?page_id=1113\" data-type=\"page\" data-id=\"1113\">Kontaktformular<\/a>.<\/p>\n","protected":false},"excerpt":{"rendered":"<p>Wir unterst\u00fctzen Veranstalter aus den Bereichen: Im Vergleich heben wir uns besonders durch eine effiziente Arbeitsweise, umsichtiges Verhalten und grosses Engagement heraus. Bei uns wird Unterst\u00fctzen des Veranstalters gelebt und wir sind immer mitten im Geschehen. Unsere Leistungen: Gerne sind wir auch f\u00fcr Ihre Veranstaltung, Ihren Verein da. Eine unverbindliche Offerte erhalten Sie am einfachsten \u00fcber unser&nbsp;Kontaktformular.<\/p>\n","protected":false},"author":1,"featured_media":0,"parent":0,"menu_order":0,"comment_status":"closed","ping_status":"closed","template":"","meta":{"footnotes":""},"class_list":["post-1112","page","type-page","status-publish","hentry"],"_links":{"self":[{"href":"https:\/\/www.medical-team-mutschellen.ch\/index.php?rest_route=\/wp\/v2\/pages\/1112","targetHints":{"allow":["GET"]}}],"collection":[{"href":"https:\/\/www.medical-team-mutschellen.ch\/index.php?rest_route=\/wp\/v2\/pages"}],"about":[{"href":"https:\/\/www.medical-team-mutschellen.ch\/index.php?rest_route=\/wp\/v2\/types\/page"}],"author":[{"embeddable":true,"href":"https:\/\/www.medical-team-mutschellen.ch\/index.php?rest_route=\/wp\/v2\/users\/1"}],"replies":[{"embeddable":true,"href":"https:\/\/www.medical-team-mutschellen.ch\/index.php?rest_route=%2Fwp%2Fv2%2Fcomments&post=1112"}],"version-history":[{"count":4,"href":"https:\/\/www.medical-team-mutschellen.ch\/index.php?rest_route=\/wp\/v2\/pages\/1112\/revisions"}],"predecessor-version":[{"id":1206,"href":"https:\/\/www.medical-team-mutschellen.ch\/index.php?rest_route=\/wp\/v2\/pages\/1112\/revisions\/1206"}],"wp:attachment":[{"href":"https:\/\/www.medical-team-mutschellen.ch\/index.php?rest_route=%2Fwp%2Fv2%2Fmedia&parent=1112"}],"curies":[{"name":"wp","href":"https:\/\/api.w.org\/{rel}","templated":true}]}}