{"id":1107,"date":"2023-02-26T19:50:21","date_gmt":"2023-02-26T19:50:21","guid":{"rendered":"https:\/\/neu.medical-team-mutschellen.ch\/?page_id=1107"},"modified":"2023-03-19T14:17:14","modified_gmt":"2023-03-19T14:17:14","slug":"home","status":"publish","type":"page","link":"https:\/\/www.medical-team-mutschellen.ch\/","title":{"rendered":"Home"},"content":{"rendered":"\n<figure class=\"wp-block-pullquote has-vivid-red-color has-text-color\"><blockquote><p><a href=\"https:\/\/neu.medical-team-mutschellen.ch\/?page_id=1113\" data-type=\"page\" data-id=\"1113\">Verst\u00e4rkung gesucht: Interesse an Sanit\u00e4tsdienst?<\/a><\/p><cite><a href=\"https:\/\/neu.medical-team-mutschellen.ch\/?page_id=1113\" data-type=\"page\" data-id=\"1113\">Melde dich bei uns &#8211; wir freuen uns!<\/a><\/cite><\/blockquote><\/figure>\n\n\n\n<p>Wir sind ein engagierter, motivierter, geselliger Verein, der sich zum Ziel gesetzt hat Menschen, Vereine und Organisationen im Sanit\u00e4tsbereich zu unterst\u00fctzen.&nbsp;Dank unserem beruflichen Umfeld wissen wir, dass auch der modernste Rettungswagen bei verletzten Personen, vorallem bei akuten Atem-Herz-Kreislauferkrankungen und grossen Blutungen oft zu sp\u00e4t kommt. Deshalb ist es wichtig, dass wir alle in der Rolle als Ersthelfer, die Verantwortung \u00fcbernehmen und nach bestem Wissen und Gewissen unseren Mitmenschen in Not helfen.<\/p>\n\n\n\n<h2 class=\"has-text-align-center has-medium-font-size wp-block-heading\"><strong>F\u00fcr uns seid Ihr alle die Wichtigsten.<\/strong><\/h2>\n\n\n\n<p>Immer mehr Menschen erleiden unfallbedingte K\u00f6rpersch\u00e4digungen oder haben eine akute Erkrankung bedingt durch Stress, Unwelteinfl\u00fcsse oder \u00dcberforderung. Mitmenschen im Betrieb, zu Hause oder unterwegs werden damit konfrontiert und w\u00fcrden gerne helfen, doch nur selten wissen sie wie.<\/p>\n\n\n\n<p>Laienhelfer sind f\u00fcr viele Menschen&nbsp;wichtig und oft als Erste mit den Geschehnissen konfrontiert. Danke, dass es Euch gibt! Manches Rettungsteam war unendlich froh, als der Unfallort abgesichert, die verletzte Person in&nbsp;eine stabile Seitenlage gebracht&nbsp;oder&nbsp;starke Blutungen gestillt und somit die Lebensgefahr der Verletzten f\u00fcrs Erste abgewendet war, als sie eintrafen.<\/p>\n\n\n\n<p>Erste Hilfe ist nicht so schwer wie es vielleicht klingen mag und darin w\u00fcrden wir Euch gerne ausbilden, um Euch&nbsp;mehr Sicherheit in Eurem Tun auf diesem Gebiet geben zu k\u00f6nnen. Allem voran jedoch&nbsp;Mut auf den Weg geben, etwas zu tun wenn es die Situation verlangt.<\/p>\n\n\n\n<p>Selbstverst\u00e4ndlich betreuen wir auch die durch Euch organisierten <a href=\"https:\/\/www.medical-team-mutschellen.ch\/?page_id=1112\" data-type=\"page\" data-id=\"1112\">Veranstaltungen<\/a> auf sanit\u00e4tischem Gebiet.<\/p>\n\n\n\n<p><\/p>\n\n\n\n<p class=\"has-text-align-center has-medium-font-size\"><strong>F\u00fcr Ihr Interesse an unserem Verein danken wir herzlich.<\/strong><\/p>\n","protected":false},"excerpt":{"rendered":"<p>Verst\u00e4rkung gesucht: Interesse an Sanit\u00e4tsdienst? Melde dich bei uns &#8211; wir freuen uns! Wir sind ein engagierter, motivierter, geselliger Verein, der sich zum Ziel gesetzt hat Menschen, Vereine und Organisationen im Sanit\u00e4tsbereich zu unterst\u00fctzen.&nbsp;Dank unserem beruflichen Umfeld wissen wir, dass auch der modernste Rettungswagen bei verletzten Personen, vorallem bei akuten Atem-Herz-Kreislauferkrankungen und grossen Blutungen oft zu sp\u00e4t kommt. Deshalb ist es wichtig, dass wir alle in der Rolle als Ersthelfer, die Verantwortung \u00fcbernehmen und nach bestem Wissen und Gewissen unseren Mitmenschen in Not helfen. F\u00fcr uns seid Ihr alle die Wichtigsten. Immer mehr Menschen erleiden unfallbedingte K\u00f6rpersch\u00e4digungen oder haben eine akute Erkrankung bedingt durch Stress, Unwelteinfl\u00fcsse oder \u00dcberforderung. Mitmenschen im Betrieb, zu Hause oder unterwegs werden damit konfrontiert und w\u00fcrden gerne helfen, doch nur selten wissen sie wie. Laienhelfer sind f\u00fcr viele Menschen&nbsp;wichtig und oft als Erste mit den Geschehnissen konfrontiert. Danke, dass es Euch gibt! Manches Rettungsteam war unendlich froh, als der Unfallort abgesichert, die verletzte Person in&nbsp;eine stabile Seitenlage gebracht&nbsp;oder&nbsp;starke Blutungen gestillt und somit die Lebensgefahr der Verletzten f\u00fcrs Erste abgewendet war, als sie eintrafen. Erste Hilfe ist nicht so schwer wie es vielleicht klingen mag und darin w\u00fcrden wir Euch gerne ausbilden, um Euch&nbsp;mehr Sicherheit in Eurem Tun auf diesem Gebiet geben zu k\u00f6nnen. Allem voran jedoch&nbsp;Mut auf den Weg geben, etwas zu tun wenn es die Situation verlangt. Selbstverst\u00e4ndlich betreuen wir auch die durch Euch organisierten Veranstaltungen auf sanit\u00e4tischem Gebiet. F\u00fcr Ihr Interesse an unserem Verein danken wir herzlich.<\/p>\n","protected":false},"author":1,"featured_media":0,"parent":0,"menu_order":0,"comment_status":"closed","ping_status":"closed","template":"","meta":{"footnotes":""},"class_list":["post-1107","page","type-page","status-publish","hentry"],"_links":{"self":[{"href":"https:\/\/www.medical-team-mutschellen.ch\/index.php?rest_route=\/wp\/v2\/pages\/1107","targetHints":{"allow":["GET"]}}],"collection":[{"href":"https:\/\/www.medical-team-mutschellen.ch\/index.php?rest_route=\/wp\/v2\/pages"}],"about":[{"href":"https:\/\/www.medical-team-mutschellen.ch\/index.php?rest_route=\/wp\/v2\/types\/page"}],"author":[{"embeddable":true,"href":"https:\/\/www.medical-team-mutschellen.ch\/index.php?rest_route=\/wp\/v2\/users\/1"}],"replies":[{"embeddable":true,"href":"https:\/\/www.medical-team-mutschellen.ch\/index.php?rest_route=%2Fwp%2Fv2%2Fcomments&post=1107"}],"version-history":[{"count":18,"href":"https:\/\/www.medical-team-mutschellen.ch\/index.php?rest_route=\/wp\/v2\/pages\/1107\/revisions"}],"predecessor-version":[{"id":1295,"href":"https:\/\/www.medical-team-mutschellen.ch\/index.php?rest_route=\/wp\/v2\/pages\/1107\/revisions\/1295"}],"wp:attachment":[{"href":"https:\/\/www.medical-team-mutschellen.ch\/index.php?rest_route=%2Fwp%2Fv2%2Fmedia&parent=1107"}],"curies":[{"name":"wp","href":"https:\/\/api.w.org\/{rel}","templated":true}]}}